{"id":270,"date":"2024-09-14T20:12:33","date_gmt":"2024-09-14T20:12:33","guid":{"rendered":"https:\/\/carlossenra.com\/?page_id=270"},"modified":"2024-09-14T20:12:33","modified_gmt":"2024-09-14T20:12:33","slug":"servicos","status":"publish","type":"page","link":"http:\/\/carlossenra.com\/?page_id=270","title":{"rendered":"Servi\u00e7os"},"content":{"rendered":"\n<h3 class=\"wp-block-heading\"><strong>Servi\u00e7os<\/strong><\/h3>\n\n\n\n<p>Com mais de 10 anos de experi\u00eancia, ofere\u00e7o uma gama completa de servi\u00e7os em <strong>fotografia<\/strong>, <strong>design gr\u00e1fico<\/strong> e <strong>inform\u00e1tica<\/strong>, pensados para atender \u00e0s suas necessidades criativas e t\u00e9cnicas.<\/p>\n\n\n\n<h4 class=\"wp-block-heading\"><strong>Fotografia<\/strong><\/h4>\n\n\n\n<ul class=\"wp-block-list\">\n<li>Sess\u00f5es fotogr\u00e1ficas para empresas e particulares.<\/li>\n\n\n\n<li>Fotografia de produto e eventos.<\/li>\n\n\n\n<li>Tratamento e edi\u00e7\u00e3o de imagem profissional.<\/li>\n<\/ul>\n\n\n\n<h4 class=\"wp-block-heading\"><strong>Design Gr\u00e1fico<\/strong><\/h4>\n\n\n\n<ul class=\"wp-block-list\">\n<li>Cria\u00e7\u00e3o de logotipos e identidade visual.<\/li>\n\n\n\n<li>Design de materiais promocionais e branding.<\/li>\n\n\n\n<li>Desenvolvimento de layouts e pe\u00e7as gr\u00e1ficas.<\/li>\n<\/ul>\n\n\n\n<h4 class=\"wp-block-heading\"><strong>Servi\u00e7os de Inform\u00e1tica<\/strong><\/h4>\n\n\n\n<ul class=\"wp-block-list\">\n<li>Consultoria e suporte t\u00e9cnico.<\/li>\n\n\n\n<li>Manuten\u00e7\u00e3o e otimiza\u00e7\u00e3o de sistemas.<\/li>\n\n\n\n<li>Solu\u00e7\u00f5es de TI para pequenas empresas.<\/li>\n<\/ul>\n\n\n\n<p><a href=\"https:\/\/carlossenra.com\/?page_id=205\" data-type=\"page\" data-id=\"205\">Contacte-me!<\/a><\/p>\n","protected":false},"excerpt":{"rendered":"<p>Servi\u00e7os Com mais de 10 anos de experi\u00eancia, ofere\u00e7o uma gama completa de servi\u00e7os em fotografia, design gr\u00e1fico e inform\u00e1tica, pensados para atender \u00e0s suas necessidades criativas e t\u00e9cnicas. Fotografia Design Gr\u00e1fico Servi\u00e7os de Inform\u00e1tica Contacte-me!<\/p>\n","protected":false},"author":1,"featured_media":0,"parent":0,"menu_order":0,"comment_status":"closed","ping_status":"closed","template":"","meta":{"advanced_seo_description":"","jetpack_seo_html_title":"","jetpack_seo_noindex":false,"footnotes":""},"class_list":["post-270","page","type-page","status-publish","hentry"],"jetpack_sharing_enabled":true,"_links":{"self":[{"href":"http:\/\/carlossenra.com\/index.php?rest_route=\/wp\/v2\/pages\/270","targetHints":{"allow":["GET"]}}],"collection":[{"href":"http:\/\/carlossenra.com\/index.php?rest_route=\/wp\/v2\/pages"}],"about":[{"href":"http:\/\/carlossenra.com\/index.php?rest_route=\/wp\/v2\/types\/page"}],"author":[{"embeddable":true,"href":"http:\/\/carlossenra.com\/index.php?rest_route=\/wp\/v2\/users\/1"}],"replies":[{"embeddable":true,"href":"http:\/\/carlossenra.com\/index.php?rest_route=%2Fwp%2Fv2%2Fcomments&post=270"}],"version-history":[{"count":1,"href":"http:\/\/carlossenra.com\/index.php?rest_route=\/wp\/v2\/pages\/270\/revisions"}],"predecessor-version":[{"id":272,"href":"http:\/\/carlossenra.com\/index.php?rest_route=\/wp\/v2\/pages\/270\/revisions\/272"}],"wp:attachment":[{"href":"http:\/\/carlossenra.com\/index.php?rest_route=%2Fwp%2Fv2%2Fmedia&parent=270"}],"curies":[{"name":"wp","href":"https:\/\/api.w.org\/{rel}","templated":true}]}}