{"id":202,"date":"2024-09-14T19:10:33","date_gmt":"2024-09-14T19:10:33","guid":{"rendered":"https:\/\/carlossenra.com\/?page_id=202"},"modified":"2024-09-14T19:30:43","modified_gmt":"2024-09-14T19:30:43","slug":"sobre-mim","status":"publish","type":"page","link":"http:\/\/carlossenra.com\/?page_id=202","title":{"rendered":"Sobre Mim"},"content":{"rendered":"\n<p>Sou o Carlos Senra, nascido numa cidade piscat\u00f3ria onde a perseveran\u00e7a e o trabalho \u00e1rduo definem a nossa ess\u00eancia. Cresci entre pessoas de luta, onde nada foi f\u00e1cil, e isso moldou quem sou. <\/p>\n\n\n\n<figure class=\"wp-block-image size-large\"><img loading=\"lazy\" decoding=\"async\" width=\"843\" height=\"1024\" src=\"https:\/\/carlossenra.com\/wp-content\/uploads\/2024\/09\/DSC00601-copiar-edit-20211226233326-843x1024.jpg?v=1726342234\" alt=\"\" class=\"wp-image-219\" srcset=\"http:\/\/carlossenra.com\/wp-content\/uploads\/2024\/09\/DSC00601-copiar-edit-20211226233326-843x1024.jpg?v=1726342234 843w, http:\/\/carlossenra.com\/wp-content\/uploads\/2024\/09\/DSC00601-copiar-edit-20211226233326-247x300.jpg?v=1726342234 247w, http:\/\/carlossenra.com\/wp-content\/uploads\/2024\/09\/DSC00601-copiar-edit-20211226233326-768x933.jpg?v=1726342234 768w, http:\/\/carlossenra.com\/wp-content\/uploads\/2024\/09\/DSC00601-copiar-edit-20211226233326-508x617.jpg?v=1726342234 508w, http:\/\/carlossenra.com\/wp-content\/uploads\/2024\/09\/DSC00601-copiar-edit-20211226233326-96x116.jpg?v=1726342234 96w, http:\/\/carlossenra.com\/wp-content\/uploads\/2024\/09\/DSC00601-copiar-edit-20211226233326.jpg?v=1726342234 988w\" sizes=\"auto, (max-width: 843px) 100vw, 843px\" \/><\/figure>\n\n\n\n<p>Com mais de 10 anos de experi\u00eancia em fotografia, design gr\u00e1fico e inform\u00e1tica, aplico essa determina\u00e7\u00e3o em cada projeto. Ap\u00f3s anos a trabalhar com grandes empresas na Alemanha, como a Airbus, desenvolvi um olhar criativo e detalhista. Estou aqui para ajudar a transformar as suas ideias em realidade visual, com dedica\u00e7\u00e3o e paix\u00e3o.<\/p>\n","protected":false},"excerpt":{"rendered":"<p>Sou o Carlos Senra, nascido numa cidade piscat\u00f3ria onde a perseveran\u00e7a e o trabalho \u00e1rduo definem a nossa ess\u00eancia. Cresci entre pessoas de luta, onde nada foi f\u00e1cil, e isso moldou quem sou. Com mais de 10 anos de experi\u00eancia em fotografia, design gr\u00e1fico e inform\u00e1tica, aplico essa determina\u00e7\u00e3o em cada projeto. Ap\u00f3s anos a [&hellip;]<\/p>\n","protected":false},"author":1,"featured_media":0,"parent":0,"menu_order":0,"comment_status":"closed","ping_status":"closed","template":"","meta":{"advanced_seo_description":"","jetpack_seo_html_title":"","jetpack_seo_noindex":false,"footnotes":""},"class_list":["post-202","page","type-page","status-publish","hentry"],"jetpack_sharing_enabled":true,"_links":{"self":[{"href":"http:\/\/carlossenra.com\/index.php?rest_route=\/wp\/v2\/pages\/202","targetHints":{"allow":["GET"]}}],"collection":[{"href":"http:\/\/carlossenra.com\/index.php?rest_route=\/wp\/v2\/pages"}],"about":[{"href":"http:\/\/carlossenra.com\/index.php?rest_route=\/wp\/v2\/types\/page"}],"author":[{"embeddable":true,"href":"http:\/\/carlossenra.com\/index.php?rest_route=\/wp\/v2\/users\/1"}],"replies":[{"embeddable":true,"href":"http:\/\/carlossenra.com\/index.php?rest_route=%2Fwp%2Fv2%2Fcomments&post=202"}],"version-history":[{"count":3,"href":"http:\/\/carlossenra.com\/index.php?rest_route=\/wp\/v2\/pages\/202\/revisions"}],"predecessor-version":[{"id":220,"href":"http:\/\/carlossenra.com\/index.php?rest_route=\/wp\/v2\/pages\/202\/revisions\/220"}],"wp:attachment":[{"href":"http:\/\/carlossenra.com\/index.php?rest_route=%2Fwp%2Fv2%2Fmedia&parent=202"}],"curies":[{"name":"wp","href":"https:\/\/api.w.org\/{rel}","templated":true}]}}